{"id":158,"date":"2026-03-05T10:38:22","date_gmt":"2026-03-05T09:38:22","guid":{"rendered":"https:\/\/fr.mariana8ochoa.com\/?page_id=158"},"modified":"2026-03-05T10:41:26","modified_gmt":"2026-03-05T09:41:26","slug":"politique-de-confidentialite-et-mentions-legales","status":"publish","type":"page","link":"https:\/\/fr.mariana8ochoa.com\/index.php\/politique-de-confidentialite-et-mentions-legales\/","title":{"rendered":"Politique de Confidentialit\u00e9 et Mentions L\u00e9gales"},"content":{"rendered":"\t\t<div data-elementor-type=\"wp-page\" data-elementor-id=\"158\" class=\"elementor elementor-158\">\n\t\t\t\t<div class=\"elementor-element elementor-element-5c83de97 e-flex e-con-boxed e-con e-parent\" data-id=\"5c83de97\" data-element_type=\"container\" data-e-type=\"container\">\n\t\t\t\t\t<div class=\"e-con-inner\">\n\t\t\t\t<div class=\"elementor-element elementor-element-c952511 elementor-widget elementor-widget-heading\" data-id=\"c952511\" data-element_type=\"widget\" data-e-type=\"widget\" data-widget_type=\"heading.default\">\n\t\t\t\t\t<h2 class=\"elementor-heading-title elementor-size-default\">Politique de Confidentialit\u00e9 et Mentions L\u00e9gales<\/h2>\t\t\t\t<\/div>\n\t\t\t\t<div class=\"elementor-element elementor-element-4ecc19c8 elementor-widget elementor-widget-text-editor\" data-id=\"4ecc19c8\" data-element_type=\"widget\" data-e-type=\"widget\" data-widget_type=\"text-editor.default\">\n\t\t\t\t\t\t\t\t\t\n<h2 class=\"wp-block-heading\">1. Mentions L\u00e9gales<\/h2>\n\n<p>Conform\u00e9ment aux dispositions de la loi pour la confiance dans l&#8217;\u00e9conomie num\u00e9rique, les informations suivantes concernent l&#8217;\u00e9diteur du site :<\/p>\n\n<ul class=\"wp-block-list\">\n<li><strong>Identit\u00e9 du Responsable :<\/strong> Mariana Clementina Ochoa Gavald\u00f3n<\/li>\n\n<li><strong>Statut :<\/strong> Auto-entrepreneur \/ Profession Lib\u00e9rale<\/li>\n\n<li><strong>SIRET :<\/strong> 92320974600018<\/li>\n\n<li><strong>Adresse professionnelle :<\/strong> 70 Av. du 19 Mars 1962, 38160 Saint-Antoine-l\u2019Abbaye, France.<\/li>\n\n<li><strong>Responsable de la publication :<\/strong> Mariana Ochoa<\/li>\n\n<li><strong>Contact :<\/strong> [Inserta aqu\u00ed tu correo electr\u00f3nico profesional]<\/li>\n\n<li><strong>H\u00e9bergement du site :<\/strong> Raiola Networks (ou votre h\u00e9bergeur actuel).<\/li>\n<\/ul>\n<hr class=\"wp-block-separator has-alpha-channel-opacity\" \/>\n<h2 class=\"wp-block-heading\">2. Politique de Confidentialit\u00e9<\/h2>\n\n<p>Le Titulaire vous informe de sa politique concernant le traitement et la protection des donn\u00e9es personnelles des utilisateurs, conform\u00e9ment au <strong>R\u00e8glement (UE) 2016\/679 (RGPD)<\/strong> et \u00e0 la <strong>Loi Informatique et Libert\u00e9s<\/strong>.<\/p>\n\n<h3 class=\"wp-block-heading\">Principes appliqu\u00e9s dans le traitement des donn\u00e9es<\/h3>\n\n<p>Dans le traitement de vos donn\u00e9es personnelles, le Titulaire applique les principes suivants :<\/p>\n\n<ul class=\"wp-block-list\">\n<li><strong>Principe de lic\u00e9it\u00e9, loyaut\u00e9 et transparence :<\/strong> Le consentement sera toujours requis pour le traitement de vos donn\u00e9es apr\u00e8s une information transparente.<\/li>\n\n<li><strong>Principe de minimisation des donn\u00e9es :<\/strong> Seules les donn\u00e9es strictement n\u00e9cessaires aux finalit\u00e9s pr\u00e9vues sont collect\u00e9es.<\/li>\n\n<li><strong>Principe de limitation de la dur\u00e9e de conservation :<\/strong> Les donn\u00e9es sont conserv\u00e9es uniquement le temps n\u00e9cessaire au traitement.<\/li>\n\n<li><strong>Principe d&#8217;int\u00e9grit\u00e9 et de confidentialit\u00e9 :<\/strong> Vos donn\u00e9es sont trait\u00e9es de mani\u00e8re \u00e0 garantir leur s\u00e9curit\u00e9 et le respect du secret professionnel.<\/li>\n<\/ul>\n\n<h3 class=\"wp-block-heading\">Collecte des donn\u00e9es personnelles<\/h3>\n\n<p>Vous fournissez vos donn\u00e9es personnelles dans les cas suivants :<\/p>\n\n<ul class=\"wp-block-list\">\n<li>En remplissant un formulaire de contact ou en prenant rendez-vous.<\/li>\n\n<li>En vous inscrivant \u00e0 une newsletter ou un bulletin d&#8217;information.<\/li>\n<\/ul>\n\n<h3 class=\"wp-block-heading\">Finalit\u00e9 et Destinataires<\/h3>\n\n<p>Vos donn\u00e9es sont collect\u00e9es pour g\u00e9rer vos demandes, assurer le suivi de votre accompagnement th\u00e9rapeutique ou vous envoyer des informations li\u00e9es \u00e0 l&#8217;activit\u00e9 de Mariana Ochoa.<\/p>\n\n<ul class=\"wp-block-list\">\n<li>Les donn\u00e9es li\u00e9es \u00e0 la newsletter sont g\u00e9r\u00e9es via <strong>MailerLite<\/strong>, une plateforme situ\u00e9e au sein de l&#8217;Union Europ\u00e9enne (Lituanie\/Irlande), garantissant un niveau de protection conforme au RGPD.<\/li>\n\n<li>Le Titulaire ne vend ni ne c\u00e8de vos donn\u00e9es \u00e0 des tiers.<\/li>\n<\/ul>\n\n<h3 class=\"wp-block-heading\">Vos Droits<\/h3>\n\n<p>Conform\u00e9ment \u00e0 la r\u00e9glementation, vous disposez des droits suivants sur vos donn\u00e9es :<\/p>\n\n<ul class=\"wp-block-list\">\n<li>Droit d&#8217;acc\u00e8s, de rectification et de suppression.<\/li>\n\n<li>Droit \u00e0 la limitation du traitement et droit d&#8217;opposition.<\/li>\n<\/ul>\n\n<p>Pour exercer ces droits, vous devez envoyer une demande accompagn\u00e9e d&#8217;une copie de votre pi\u00e8ce d&#8217;identit\u00e9 \u00e0 : <strong>contacto@mariana8ochoa.com<\/strong>.<\/p>\n\n<p>Si vous estimez que le traitement de vos donn\u00e9es enfreint le r\u00e8glement, vous avez le droit de pr\u00e9senter une r\u00e9clamation aupr\u00e8s de la <strong>CNIL (Commission Nationale de l&#8217;Informatique et des Libert\u00e9s)<\/strong> en France.<\/p>\n\n<h3 class=\"wp-block-heading\">S\u00e9curit\u00e9 des donn\u00e9es<\/h3>\n\n<p>Toutes les pr\u00e9cautions raisonnables sont prises pour \u00e9viter la perte, l&#8217;utilisation abusive ou l&#8217;acc\u00e8s non autoris\u00e9 \u00e0 vos informations. En tant que psychopraticienne, Mariana Ochoa garantit la plus stricte confidentialit\u00e9 des \u00e9changes li\u00e9s \u00e0 la pratique th\u00e9rapeutique.<\/p>\n\n<h3 class=\"wp-block-heading\">Cookies<\/h3>\n\n<p>Ce site utilise des cookies techniques et d&#8217;analyse pour am\u00e9liorer votre navigation. Vous pouvez configurer votre navigateur pour refuser ces cookies, bien que cela puisse affecter certaines fonctionnalit\u00e9s du site.<\/p>\n\t\t\t\t\t\t\t\t<\/div>\n\t\t\t\t\t<\/div>\n\t\t\t\t<\/div>\n\t\t\t\t<\/div>\n\t\t","protected":false},"excerpt":{"rendered":"<p>Politique de Confidentialit\u00e9 et Mentions L\u00e9gales 1. Mentions L\u00e9gales Conform\u00e9ment aux dispositions de la loi pour la confiance dans l&#8217;\u00e9conomie num\u00e9rique, les informations suivantes concernent l&#8217;\u00e9diteur du site : 2. Politique de Confidentialit\u00e9 Le Titulaire vous informe de sa politique concernant le traitement et la protection des donn\u00e9es personnelles des utilisateurs, conform\u00e9ment au R\u00e8glement (UE) &#8230; <a title=\"Politique de Confidentialit\u00e9 et Mentions L\u00e9gales\" class=\"read-more\" href=\"https:\/\/fr.mariana8ochoa.com\/index.php\/politique-de-confidentialite-et-mentions-legales\/\" aria-label=\"Leer m\u00e1s sobre Politique de Confidentialit\u00e9 et Mentions L\u00e9gales\">Leer m\u00e1s<\/a><\/p>\n","protected":false},"author":1,"featured_media":0,"parent":0,"menu_order":0,"comment_status":"closed","ping_status":"closed","template":"elementor_canvas","meta":{"footnotes":""},"class_list":["post-158","page","type-page","status-publish"],"_links":{"self":[{"href":"https:\/\/fr.mariana8ochoa.com\/index.php\/wp-json\/wp\/v2\/pages\/158","targetHints":{"allow":["GET"]}}],"collection":[{"href":"https:\/\/fr.mariana8ochoa.com\/index.php\/wp-json\/wp\/v2\/pages"}],"about":[{"href":"https:\/\/fr.mariana8ochoa.com\/index.php\/wp-json\/wp\/v2\/types\/page"}],"author":[{"embeddable":true,"href":"https:\/\/fr.mariana8ochoa.com\/index.php\/wp-json\/wp\/v2\/users\/1"}],"replies":[{"embeddable":true,"href":"https:\/\/fr.mariana8ochoa.com\/index.php\/wp-json\/wp\/v2\/comments?post=158"}],"version-history":[{"count":7,"href":"https:\/\/fr.mariana8ochoa.com\/index.php\/wp-json\/wp\/v2\/pages\/158\/revisions"}],"predecessor-version":[{"id":166,"href":"https:\/\/fr.mariana8ochoa.com\/index.php\/wp-json\/wp\/v2\/pages\/158\/revisions\/166"}],"wp:attachment":[{"href":"https:\/\/fr.mariana8ochoa.com\/index.php\/wp-json\/wp\/v2\/media?parent=158"}],"curies":[{"name":"wp","href":"https:\/\/api.w.org\/{rel}","templated":true}]}}